{"id":15015,"date":"2024-11-19T16:09:03","date_gmt":"2024-11-19T08:09:03","guid":{"rendered":"https:\/\/www.hxcmold.com\/moldagem-por-injecao-bicromatica\/"},"modified":"2026-01-21T17:11:36","modified_gmt":"2026-01-21T09:11:36","slug":"moldagem-por-injecao-bicromatica","status":"publish","type":"page","link":"https:\/\/www.hxcmold.com\/pt-br\/moldagem-por-injecao-bicromatica\/","title":{"rendered":"Moldagem por inje\u00e7\u00e3o bicrom\u00e1tica"},"content":{"rendered":"","protected":false},"excerpt":{"rendered":"","protected":false},"author":1,"featured_media":0,"parent":0,"menu_order":0,"comment_status":"closed","ping_status":"closed","template":"","meta":{"footnotes":""},"class_list":["post-15015","page","type-page","status-publish","hentry"],"_links":{"self":[{"href":"https:\/\/www.hxcmold.com\/pt-br\/wp-json\/wp\/v2\/pages\/15015","targetHints":{"allow":["GET"]}}],"collection":[{"href":"https:\/\/www.hxcmold.com\/pt-br\/wp-json\/wp\/v2\/pages"}],"about":[{"href":"https:\/\/www.hxcmold.com\/pt-br\/wp-json\/wp\/v2\/types\/page"}],"author":[{"embeddable":true,"href":"https:\/\/www.hxcmold.com\/pt-br\/wp-json\/wp\/v2\/users\/1"}],"replies":[{"embeddable":true,"href":"https:\/\/www.hxcmold.com\/pt-br\/wp-json\/wp\/v2\/comments?post=15015"}],"version-history":[{"count":1,"href":"https:\/\/www.hxcmold.com\/pt-br\/wp-json\/wp\/v2\/pages\/15015\/revisions"}],"predecessor-version":[{"id":15661,"href":"https:\/\/www.hxcmold.com\/pt-br\/wp-json\/wp\/v2\/pages\/15015\/revisions\/15661"}],"wp:attachment":[{"href":"https:\/\/www.hxcmold.com\/pt-br\/wp-json\/wp\/v2\/media?parent=15015"}],"curies":[{"name":"wp","href":"https:\/\/api.w.org\/{rel}","templated":true}]}}