{"id":14886,"date":"2024-12-11T11:59:15","date_gmt":"2024-12-11T03:59:15","guid":{"rendered":"https:\/\/www.hxcmold.com\/solucoes-para-a-industria-medica\/"},"modified":"2026-01-22T10:21:47","modified_gmt":"2026-01-22T02:21:47","slug":"solucoes-para-a-industria-medica","status":"publish","type":"page","link":"https:\/\/www.hxcmold.com\/pt-br\/solucoes-para-a-industria-medica\/","title":{"rendered":"Solu\u00e7\u00f5es para a ind\u00fastria m\u00e9dica"},"content":{"rendered":"","protected":false},"excerpt":{"rendered":"","protected":false},"author":1,"featured_media":0,"parent":0,"menu_order":0,"comment_status":"closed","ping_status":"closed","template":"","meta":{"footnotes":""},"class_list":["post-14886","page","type-page","status-publish","hentry"],"_links":{"self":[{"href":"https:\/\/www.hxcmold.com\/pt-br\/wp-json\/wp\/v2\/pages\/14886","targetHints":{"allow":["GET"]}}],"collection":[{"href":"https:\/\/www.hxcmold.com\/pt-br\/wp-json\/wp\/v2\/pages"}],"about":[{"href":"https:\/\/www.hxcmold.com\/pt-br\/wp-json\/wp\/v2\/types\/page"}],"author":[{"embeddable":true,"href":"https:\/\/www.hxcmold.com\/pt-br\/wp-json\/wp\/v2\/users\/1"}],"replies":[{"embeddable":true,"href":"https:\/\/www.hxcmold.com\/pt-br\/wp-json\/wp\/v2\/comments?post=14886"}],"version-history":[{"count":1,"href":"https:\/\/www.hxcmold.com\/pt-br\/wp-json\/wp\/v2\/pages\/14886\/revisions"}],"predecessor-version":[{"id":15407,"href":"https:\/\/www.hxcmold.com\/pt-br\/wp-json\/wp\/v2\/pages\/14886\/revisions\/15407"}],"wp:attachment":[{"href":"https:\/\/www.hxcmold.com\/pt-br\/wp-json\/wp\/v2\/media?parent=14886"}],"curies":[{"name":"wp","href":"https:\/\/api.w.org\/{rel}","templated":true}]}}