{"id":14866,"date":"2025-02-26T15:21:19","date_gmt":"2025-02-26T07:21:19","guid":{"rendered":"https:\/\/www.hxcmold.com\/servico-de-moldagem-por-injecao\/"},"modified":"2026-01-22T09:33:17","modified_gmt":"2026-01-22T01:33:17","slug":"servico-de-moldagem-por-injecao","status":"publish","type":"page","link":"https:\/\/www.hxcmold.com\/pt-br\/servico-de-moldagem-por-injecao\/","title":{"rendered":"Servi\u00e7o de moldagem por inje\u00e7\u00e3o"},"content":{"rendered":"","protected":false},"excerpt":{"rendered":"","protected":false},"author":1,"featured_media":0,"parent":0,"menu_order":0,"comment_status":"closed","ping_status":"closed","template":"","meta":{"footnotes":""},"class_list":["post-14866","page","type-page","status-publish","hentry"],"_links":{"self":[{"href":"https:\/\/www.hxcmold.com\/pt-br\/wp-json\/wp\/v2\/pages\/14866","targetHints":{"allow":["GET"]}}],"collection":[{"href":"https:\/\/www.hxcmold.com\/pt-br\/wp-json\/wp\/v2\/pages"}],"about":[{"href":"https:\/\/www.hxcmold.com\/pt-br\/wp-json\/wp\/v2\/types\/page"}],"author":[{"embeddable":true,"href":"https:\/\/www.hxcmold.com\/pt-br\/wp-json\/wp\/v2\/users\/1"}],"replies":[{"embeddable":true,"href":"https:\/\/www.hxcmold.com\/pt-br\/wp-json\/wp\/v2\/comments?post=14866"}],"version-history":[{"count":1,"href":"https:\/\/www.hxcmold.com\/pt-br\/wp-json\/wp\/v2\/pages\/14866\/revisions"}],"predecessor-version":[{"id":15397,"href":"https:\/\/www.hxcmold.com\/pt-br\/wp-json\/wp\/v2\/pages\/14866\/revisions\/15397"}],"wp:attachment":[{"href":"https:\/\/www.hxcmold.com\/pt-br\/wp-json\/wp\/v2\/media?parent=14866"}],"curies":[{"name":"wp","href":"https:\/\/api.w.org\/{rel}","templated":true}]}}