{"id":14856,"date":"2024-10-22T10:37:46","date_gmt":"2024-10-22T02:37:46","guid":{"rendered":"https:\/\/www.hxcmold.com\/solucoes-para-a-industria-de-saude\/"},"modified":"2026-01-22T10:19:44","modified_gmt":"2026-01-22T02:19:44","slug":"solucoes-para-a-industria-de-saude","status":"publish","type":"page","link":"https:\/\/www.hxcmold.com\/pt-br\/solucoes-para-a-industria-de-saude\/","title":{"rendered":"Solu\u00e7\u00f5es para a ind\u00fastria de sa\u00fade"},"content":{"rendered":"","protected":false},"excerpt":{"rendered":"","protected":false},"author":1,"featured_media":0,"parent":0,"menu_order":0,"comment_status":"closed","ping_status":"closed","template":"","meta":{"footnotes":""},"class_list":["post-14856","page","type-page","status-publish","hentry"],"_links":{"self":[{"href":"https:\/\/www.hxcmold.com\/pt-br\/wp-json\/wp\/v2\/pages\/14856","targetHints":{"allow":["GET"]}}],"collection":[{"href":"https:\/\/www.hxcmold.com\/pt-br\/wp-json\/wp\/v2\/pages"}],"about":[{"href":"https:\/\/www.hxcmold.com\/pt-br\/wp-json\/wp\/v2\/types\/page"}],"author":[{"embeddable":true,"href":"https:\/\/www.hxcmold.com\/pt-br\/wp-json\/wp\/v2\/users\/1"}],"replies":[{"embeddable":true,"href":"https:\/\/www.hxcmold.com\/pt-br\/wp-json\/wp\/v2\/comments?post=14856"}],"version-history":[{"count":1,"href":"https:\/\/www.hxcmold.com\/pt-br\/wp-json\/wp\/v2\/pages\/14856\/revisions"}],"predecessor-version":[{"id":15408,"href":"https:\/\/www.hxcmold.com\/pt-br\/wp-json\/wp\/v2\/pages\/14856\/revisions\/15408"}],"wp:attachment":[{"href":"https:\/\/www.hxcmold.com\/pt-br\/wp-json\/wp\/v2\/media?parent=14856"}],"curies":[{"name":"wp","href":"https:\/\/api.w.org\/{rel}","templated":true}]}}