{"id":14408,"date":"2024-12-09T10:42:42","date_gmt":"2024-12-09T02:42:42","guid":{"rendered":"https:\/\/www.hxcmold.com\/solucoes-de-iluminacao-artistica\/"},"modified":"2026-01-22T10:17:49","modified_gmt":"2026-01-22T02:17:49","slug":"solucoes-de-iluminacao-artistica","status":"publish","type":"page","link":"https:\/\/www.hxcmold.com\/pt-br\/solucoes-de-iluminacao-artistica\/","title":{"rendered":"Solu\u00e7\u00f5es de Ilumina\u00e7\u00e3o Art\u00edstica"},"content":{"rendered":"","protected":false},"excerpt":{"rendered":"","protected":false},"author":1,"featured_media":0,"parent":0,"menu_order":0,"comment_status":"closed","ping_status":"closed","template":"","meta":{"footnotes":""},"class_list":["post-14408","page","type-page","status-publish","hentry"],"_links":{"self":[{"href":"https:\/\/www.hxcmold.com\/pt-br\/wp-json\/wp\/v2\/pages\/14408","targetHints":{"allow":["GET"]}}],"collection":[{"href":"https:\/\/www.hxcmold.com\/pt-br\/wp-json\/wp\/v2\/pages"}],"about":[{"href":"https:\/\/www.hxcmold.com\/pt-br\/wp-json\/wp\/v2\/types\/page"}],"author":[{"embeddable":true,"href":"https:\/\/www.hxcmold.com\/pt-br\/wp-json\/wp\/v2\/users\/1"}],"replies":[{"embeddable":true,"href":"https:\/\/www.hxcmold.com\/pt-br\/wp-json\/wp\/v2\/comments?post=14408"}],"version-history":[{"count":1,"href":"https:\/\/www.hxcmold.com\/pt-br\/wp-json\/wp\/v2\/pages\/14408\/revisions"}],"predecessor-version":[{"id":15406,"href":"https:\/\/www.hxcmold.com\/pt-br\/wp-json\/wp\/v2\/pages\/14408\/revisions\/15406"}],"wp:attachment":[{"href":"https:\/\/www.hxcmold.com\/pt-br\/wp-json\/wp\/v2\/media?parent=14408"}],"curies":[{"name":"wp","href":"https:\/\/api.w.org\/{rel}","templated":true}]}}