{"id":13702,"date":"2024-12-11T18:19:12","date_gmt":"2024-12-11T10:19:12","guid":{"rendered":"https:\/\/www.hxcmold.com\/solucao-de-molde-de-injecao\/"},"modified":"2026-01-22T10:04:49","modified_gmt":"2026-01-22T02:04:49","slug":"solucao-de-molde-de-injecao","status":"publish","type":"page","link":"https:\/\/www.hxcmold.com\/pt-br\/solucao-de-molde-de-injecao\/","title":{"rendered":"Solu\u00e7\u00e3o de molde de inje\u00e7\u00e3o"},"content":{"rendered":"","protected":false},"excerpt":{"rendered":"","protected":false},"author":1,"featured_media":0,"parent":0,"menu_order":0,"comment_status":"closed","ping_status":"closed","template":"","meta":{"footnotes":""},"class_list":["post-13702","page","type-page","status-publish","hentry"],"_links":{"self":[{"href":"https:\/\/www.hxcmold.com\/pt-br\/wp-json\/wp\/v2\/pages\/13702","targetHints":{"allow":["GET"]}}],"collection":[{"href":"https:\/\/www.hxcmold.com\/pt-br\/wp-json\/wp\/v2\/pages"}],"about":[{"href":"https:\/\/www.hxcmold.com\/pt-br\/wp-json\/wp\/v2\/types\/page"}],"author":[{"embeddable":true,"href":"https:\/\/www.hxcmold.com\/pt-br\/wp-json\/wp\/v2\/users\/1"}],"replies":[{"embeddable":true,"href":"https:\/\/www.hxcmold.com\/pt-br\/wp-json\/wp\/v2\/comments?post=13702"}],"version-history":[{"count":1,"href":"https:\/\/www.hxcmold.com\/pt-br\/wp-json\/wp\/v2\/pages\/13702\/revisions"}],"predecessor-version":[{"id":15402,"href":"https:\/\/www.hxcmold.com\/pt-br\/wp-json\/wp\/v2\/pages\/13702\/revisions\/15402"}],"wp:attachment":[{"href":"https:\/\/www.hxcmold.com\/pt-br\/wp-json\/wp\/v2\/media?parent=13702"}],"curies":[{"name":"wp","href":"https:\/\/api.w.org\/{rel}","templated":true}]}}