{"id":14951,"date":"2024-10-28T20:52:46","date_gmt":"2024-10-28T12:52:46","guid":{"rendered":"https:\/\/www.hxcmold.com\/prototypage-rapide-avec-rapiddirect\/"},"modified":"2026-01-19T18:03:10","modified_gmt":"2026-01-19T10:03:10","slug":"prototypage-rapide-avec-rapiddirect","status":"publish","type":"page","link":"https:\/\/www.hxcmold.com\/fr\/prototypage-rapide-avec-rapiddirect\/","title":{"rendered":"Prototypage rapide avec RapidDirect"},"content":{"rendered":"\n<p>Contactez-nous<\/p>\n\n\n\n<h2 class=\"wp-block-heading\"><strong>Qu&rsquo;est-ce que le prototypage rapide ?<\/strong><\/h2>\n\n\n\n<p>Rapid prototyping means making a physical sample of a new product design idea. This is done as a preliminary step towards eventual production, and is most useful when verifying that the finished product will look, feel, and perform as intended.&nbsp;New product developers turn to rapid prototyping for several reasons. They\u2019re used for functional testing, approvals, design iterations, for crowdfunding campaigns, trade show models, and as a bridge to low-volume manufacturing.  <\/p>\n\n\n\n<p>Prototypes often inspire re-designs, improvements, and other modifications that may not have been obvious merely from a computer graphic, so in this regard they\u2019re beneficial for optimizing a design before committing resources to larger volumes.&nbsp;In fact, being able to correct design errors early in the development phase can more than compensate for the cost of the prototype itself, so they\u2019re wise investments.<\/p>\n\n\n\n<h2 class=\"wp-block-heading\"><strong>Quelles sont les diff\u00e9rentes types de prototypage rapide ?<\/strong><\/h2>\n\n\n\n<p>N&rsquo;importe quel mod\u00e8le physique peut potentiellement \u00eatre un prototype. La diff\u00e9rence r\u00e9side dans la proximit\u00e9 avec laquelle il refl\u00e8te la pi\u00e8ce terminale pr\u00e9vue. <\/p>\n\n\n\n<p>Des mod\u00e8les tr\u00e8s simples peuvent \u00eatre fabriqu\u00e9s avec du papier, du plastique, de l&rsquo;argile modeling, de la polystyr\u00e8ne, du bois de balsa ou d&rsquo;autres mat\u00e9riaux m\u00e9nagers courants. Ce sont des exemples de prototypes de tr\u00e8s faible fid\u00e9lit\u00e9, mais ils ont l&rsquo;avantage d&rsquo;\u00eatre faciles et peu co\u00fbteux \u00e0 fabriquer. <\/p>\n\n\n\n<p>Ces types de prototypes ne fonctionneraient probablement pas tr\u00e8s bien ou pour longtemps, donc ils sont utilis\u00e9s principalement pour obtenir une id\u00e9e visuelle de la conception et la comparer en \u00e9chelle avec d&rsquo;autres pi\u00e8ces.<\/p>\n\n\n\n<p>Les prototypes de fid\u00e9lit\u00e9 plus \u00e9lev\u00e9e utilisent des outils machines modernes et des mat\u00e9riaux, y compris diverses technologies d&rsquo;impression 3D, le moulage sous vide, le formage rapide pour le moulage par injection et le freinage CNC.<\/p>\n\n\n\n<p>Prototypes often inspire re-designs, improvements, and other modifications that may not have been obvious merely from a computer graphic, so in this regard they\u2019re beneficial for optimizing a design before committing resources to larger volumes.&nbsp;In fact, being able to correct design errors early in the development phase can more than compensate for the cost of the prototype itself, so they\u2019re wise investments.<\/p>\n\n\n\n<h2 class=\"wp-block-heading\"><strong>Comment choisir la bonne technique de prototypage rapide ?<\/strong><\/h2>\n\n\n\n<p>La bonne m\u00e9thode de prototypage est celle qui s&rsquo;adapte le mieux \u00e0 votre budget, \u00e0 la complexit\u00e9 de la pi\u00e8ce, \u00e0 ce que vous voulez que le prototype fasse, et \u00e0 votre planning de d\u00e9veloppement. Les prototypes de meilleure qualit\u00e9 co\u00fbtent plus cher et prennent plus de temps \u00e0 fabriquer, mais ils repr\u00e9sentent aussi plus fid\u00e8lement la forme, l&rsquo;ajustement et la fonction d&rsquo;une pi\u00e8ce de production. <\/p>\n\n\n\n<p>Voici les questions de base \u00e0 poser :<\/p>\n\n\n\n<div class=\"wp-block-columns is-layout-flex wp-container-core-columns-is-layout-9d6595d7 wp-block-columns-is-layout-flex\">\n<div class=\"wp-block-column is-layout-flow wp-block-column-is-layout-flow\" style=\"flex-basis:50%\">\n<ul class=\"wp-block-list\">\n<li>Le prototype sera-t-il un mod\u00e8le de d\u00e9monstration statique ?<\/li>\n\n\n\n<li>Besoin-t-il d&rsquo;\u00eatre enti\u00e8rement fonctionnel ?<\/li>\n\n\n\n<li>Y a-t-il des pi\u00e8ces multiples et interconnect\u00e9es ?<\/li>\n\n\n\n<li>Quelle est la texture et la finition de surface ?<\/li>\n<\/ul>\n<\/div>\n\n\n\n<div class=\"wp-block-column is-layout-flow wp-block-column-is-layout-flow\" style=\"flex-basis:50%\">\n<ul class=\"wp-block-list\">\n<li>De quoi est-il fabriqu\u00e9 ?<\/li>\n\n\n\n<li>Quelle importance accordez-vous \u00e0 la r\u00e9sistance et \u00e0 la durabilit\u00e9 ?<\/li>\n\n\n\n<li>\u00c0 quel point doit-il correspondre \u00e0 la version de production finale ?<\/li>\n<\/ul>\n<\/div>\n<\/div>\n\n\n\n<p>Il existe de nombreuses variables \u00e0 prendre en compte, et nous ne pouvons pas les couvrir toutes ici.<\/p>\n\n\n\n<p><\/p>\n","protected":false},"excerpt":{"rendered":"<p>Contactez-nous Qu&rsquo;est-ce que le prototypage rapide ? Rapid prototyping means making a physical sample of a new product design idea. This is done as a preliminary<span class=\"excerpt-hellip\"> [\u2026]<\/span><\/p>\n","protected":false},"author":1,"featured_media":1517,"parent":0,"menu_order":0,"comment_status":"closed","ping_status":"closed","template":"","meta":{"footnotes":""},"class_list":["post-14951","page","type-page","status-publish","has-post-thumbnail","hentry"],"_links":{"self":[{"href":"https:\/\/www.hxcmold.com\/fr\/wp-json\/wp\/v2\/pages\/14951","targetHints":{"allow":["GET"]}}],"collection":[{"href":"https:\/\/www.hxcmold.com\/fr\/wp-json\/wp\/v2\/pages"}],"about":[{"href":"https:\/\/www.hxcmold.com\/fr\/wp-json\/wp\/v2\/types\/page"}],"author":[{"embeddable":true,"href":"https:\/\/www.hxcmold.com\/fr\/wp-json\/wp\/v2\/users\/1"}],"replies":[{"embeddable":true,"href":"https:\/\/www.hxcmold.com\/fr\/wp-json\/wp\/v2\/comments?post=14951"}],"version-history":[{"count":1,"href":"https:\/\/www.hxcmold.com\/fr\/wp-json\/wp\/v2\/pages\/14951\/revisions"}],"predecessor-version":[{"id":15110,"href":"https:\/\/www.hxcmold.com\/fr\/wp-json\/wp\/v2\/pages\/14951\/revisions\/15110"}],"wp:featuredmedia":[{"embeddable":true,"href":"https:\/\/www.hxcmold.com\/fr\/wp-json\/wp\/v2\/media\/1517"}],"wp:attachment":[{"href":"https:\/\/www.hxcmold.com\/fr\/wp-json\/wp\/v2\/media?parent=14951"}],"curies":[{"name":"wp","href":"https:\/\/api.w.org\/{rel}","templated":true}]}}