{"id":14956,"date":"2024-10-28T20:52:46","date_gmt":"2024-10-28T12:52:46","guid":{"rendered":"https:\/\/www.hxcmold.com\/prototipado-rapido-con-rapiddirect\/"},"modified":"2025-07-22T16:16:35","modified_gmt":"2025-07-22T08:16:35","slug":"prototipado-rapido-con-rapiddirect","status":"publish","type":"page","link":"https:\/\/www.hxcmold.com\/es\/prototipado-rapido-con-rapiddirect\/","title":{"rendered":"Prototipado r\u00e1pido con RapidDirect"},"content":{"rendered":"\n<p>P\u00d3NGASE EN CONTACTO<\/p>\n\n\n\n<h2 class=\"wp-block-heading\"><strong>\u00bfQu\u00e9 es el prototipado r\u00e1pido?<\/strong><\/h2>\n\n\n\n<p>Rapid prototyping means making a physical sample of a new product design idea. This is done as a preliminary step towards eventual production, and is most useful when verifying that the finished product will look, feel, and perform as intended.&nbsp;New product developers turn to rapid prototyping for several reasons. They\u2019re used for functional testing, approvals, design iterations, for crowdfunding campaigns, trade show models, and as a bridge to low-volume manufacturing.  <\/p>\n\n\n\n<p>Prototypes often inspire re-designs, improvements, and other modifications that may not have been obvious merely from a computer graphic, so in this regard they\u2019re beneficial for optimizing a design before committing resources to larger volumes.&nbsp;In fact, being able to correct design errors early in the development phase can more than compensate for the cost of the prototype itself, so they\u2019re wise investments.<\/p>\n\n\n\n<h2 class=\"wp-block-heading\"><strong>\u00bfCu\u00e1les son los diferentes tipos de prototipado r\u00e1pido?<\/strong><\/h2>\n\n\n\n<p>Cualquier modelo f\u00edsico puede ser potencialmente un prototipo. La diferencia radica en qu\u00e9 tan fielmente refleja la pieza terminada prevista. <\/p>\n\n\n\n<p>Se pueden hacer modelos muy simples con papel, pl\u00e1stico, arcilla modeling, espuma de poliestireno, madera de balsa u otros materiales dom\u00e9sticos comunes. Estos son ejemplos de prototipos de muy baja fidelidad, pero tienen la ventaja de ser f\u00e1ciles y econ\u00f3micos de fabricar. <\/p>\n\n\n\n<p>Este tipo de prototipos probablemente no funcionar\u00edan muy bien ni por mucho tiempo, por lo que se usan principalmente para obtener una idea visual del dise\u00f1o y compararlo en escala con otras piezas.<\/p>\n\n\n\n<p>Los prototipos de mayor fidelidad utilizan herramientas y materiales modernos, incluidas diversas tecnolog\u00edas de impresi\u00f3n 3D, fundici\u00f3n al vac\u00edo, herramientas r\u00e1pidas para moldeo por inyecci\u00f3n y mecanizado CNC.<\/p>\n\n\n\n<p>Prototypes often inspire re-designs, improvements, and other modifications that may not have been obvious merely from a computer graphic, so in this regard they\u2019re beneficial for optimizing a design before committing resources to larger volumes.&nbsp;In fact, being able to correct design errors early in the development phase can more than compensate for the cost of the prototype itself, so they\u2019re wise investments.<\/p>\n\n\n\n<h2 class=\"wp-block-heading\"><strong>C\u00f3mo elegir la t\u00e9cnica de prototipado r\u00e1pido adecuada<\/strong><\/h2>\n\n\n\n<p>El m\u00e9todo de prototipado adecuado es aquel que se adapta mejor a tu presupuesto, a la complejidad de la pieza, a lo que quieres que haga el prototipo y a tu cronolog\u00eda de desarrollo. Los prototipos mejores cuestan m\u00e1s dinero y tardan m\u00e1s en fabricar, pero tambi\u00e9n representan con mayor fidelidad la forma, el ajuste y la funci\u00f3n de una pieza de producci\u00f3n. <\/p>\n\n\n\n<p>Las preguntas b\u00e1sicas que debes hacer son las siguientes:<\/p>\n\n\n\n<div class=\"wp-block-columns is-layout-flex wp-container-core-columns-is-layout-9d6595d7 wp-block-columns-is-layout-flex\">\n<div class=\"wp-block-column is-layout-flow wp-block-column-is-layout-flow\" style=\"flex-basis:50%\">\n<ul class=\"wp-block-list\">\n<li>\u00bfSer\u00e1 el prototipo un modelo de exhibici\u00f3n est\u00e1tico?<\/li>\n\n\n\n<li>\u00bfNecesita ser totalmente funcional?<\/li>\n\n\n\n<li>\u00bfExisten m\u00faltiples piezas interconectadas?<\/li>\n\n\n\n<li>\u00bfCu\u00e1l es la textura y el acabado de la superficie?<\/li>\n<\/ul>\n<\/div>\n\n\n\n<div class=\"wp-block-column is-layout-flow wp-block-column-is-layout-flow\" style=\"flex-basis:50%\">\n<ul class=\"wp-block-list\">\n<li>\u00bfDe qu\u00e9 est\u00e1 hecho?<\/li>\n\n\n\n<li>\u00bfQu\u00e9 importancia tienen la resistencia y la durabilidad?<\/li>\n\n\n\n<li>\u00bfQu\u00e9 tan cerca deber\u00eda coincidir con la versi\u00f3n final de producci\u00f3n?<\/li>\n<\/ul>\n<\/div>\n<\/div>\n\n\n\n<p>Hay muchas variables que considerar y no podemos abarcar todas aqu\u00ed.<\/p>\n\n\n\n<p><\/p>\n","protected":false},"excerpt":{"rendered":"<p>P\u00d3NGASE EN CONTACTO \u00bfQu\u00e9 es el prototipado r\u00e1pido? Rapid prototyping means making a physical sample of a new product design idea. This is done as a<span class=\"excerpt-hellip\"> [\u2026]<\/span><\/p>\n","protected":false},"author":1,"featured_media":1520,"parent":0,"menu_order":0,"comment_status":"closed","ping_status":"closed","template":"","meta":{"footnotes":""},"class_list":["post-14956","page","type-page","status-publish","has-post-thumbnail","hentry"],"_links":{"self":[{"href":"https:\/\/www.hxcmold.com\/es\/wp-json\/wp\/v2\/pages\/14956","targetHints":{"allow":["GET"]}}],"collection":[{"href":"https:\/\/www.hxcmold.com\/es\/wp-json\/wp\/v2\/pages"}],"about":[{"href":"https:\/\/www.hxcmold.com\/es\/wp-json\/wp\/v2\/types\/page"}],"author":[{"embeddable":true,"href":"https:\/\/www.hxcmold.com\/es\/wp-json\/wp\/v2\/users\/1"}],"replies":[{"embeddable":true,"href":"https:\/\/www.hxcmold.com\/es\/wp-json\/wp\/v2\/comments?post=14956"}],"version-history":[{"count":1,"href":"https:\/\/www.hxcmold.com\/es\/wp-json\/wp\/v2\/pages\/14956\/revisions"}],"predecessor-version":[{"id":15530,"href":"https:\/\/www.hxcmold.com\/es\/wp-json\/wp\/v2\/pages\/14956\/revisions\/15530"}],"wp:featuredmedia":[{"embeddable":true,"href":"https:\/\/www.hxcmold.com\/es\/wp-json\/wp\/v2\/media\/1520"}],"wp:attachment":[{"href":"https:\/\/www.hxcmold.com\/es\/wp-json\/wp\/v2\/media?parent=14956"}],"curies":[{"name":"wp","href":"https:\/\/api.w.org\/{rel}","templated":true}]}}