{"id":13665,"date":"2024-11-28T17:22:01","date_gmt":"2024-11-28T09:22:01","guid":{"rendered":"https:\/\/www.hxcmold.com\/grosmasstabliche-formenpassstelle\/"},"modified":"2026-01-20T14:10:43","modified_gmt":"2026-01-20T06:10:43","slug":"grosmasstabliche-formenpassstelle","status":"publish","type":"page","link":"https:\/\/www.hxcmold.com\/de\/grosmasstabliche-formenpassstelle\/","title":{"rendered":"Gro\u00dfma\u00dfst\u00e4bliche Formenpassstelle"},"content":{"rendered":"","protected":false},"excerpt":{"rendered":"","protected":false},"author":1,"featured_media":0,"parent":0,"menu_order":0,"comment_status":"closed","ping_status":"closed","template":"","meta":{"footnotes":""},"class_list":["post-13665","page","type-page","status-publish","hentry"],"_links":{"self":[{"href":"https:\/\/www.hxcmold.com\/de\/wp-json\/wp\/v2\/pages\/13665","targetHints":{"allow":["GET"]}}],"collection":[{"href":"https:\/\/www.hxcmold.com\/de\/wp-json\/wp\/v2\/pages"}],"about":[{"href":"https:\/\/www.hxcmold.com\/de\/wp-json\/wp\/v2\/types\/page"}],"author":[{"embeddable":true,"href":"https:\/\/www.hxcmold.com\/de\/wp-json\/wp\/v2\/users\/1"}],"replies":[{"embeddable":true,"href":"https:\/\/www.hxcmold.com\/de\/wp-json\/wp\/v2\/comments?post=13665"}],"version-history":[{"count":1,"href":"https:\/\/www.hxcmold.com\/de\/wp-json\/wp\/v2\/pages\/13665\/revisions"}],"predecessor-version":[{"id":15312,"href":"https:\/\/www.hxcmold.com\/de\/wp-json\/wp\/v2\/pages\/13665\/revisions\/15312"}],"wp:attachment":[{"href":"https:\/\/www.hxcmold.com\/de\/wp-json\/wp\/v2\/media?parent=13665"}],"curies":[{"name":"wp","href":"https:\/\/api.w.org\/{rel}","templated":true}]}}